{"id":4252,"date":"2018-11-12T11:50:12","date_gmt":"2018-11-12T11:50:12","guid":{"rendered":"https:\/\/demo.themeisle.com\/hestia-default\/hestia-front\/"},"modified":"2020-08-07T15:19:05","modified_gmt":"2020-08-07T12:19:05","slug":"hestia-front","status":"publish","type":"page","link":"https:\/\/droneteam.lt\/lt\/","title":{"rendered":"Front Page"},"content":{"rendered":"<p class=\"has-text-align-center\">DRONETEAM.lt - tai atsidavusi dron\u0173 profesional\u0173 komanda. Jei j\u016bs\u0173 u\u017eduotis apima in\u017einerij\u0105, dronus ar kinematografij\u0105 - mes tai padarysime! Turto valdytojams, architektams ir nekilnojamojo turto vystytojams si\u016blome pilnas 3D skenavimo paslaugas. Nuotoliniu b\u016bdu valdomi skryd\u017eiai, autonominiai skryd\u017eiai, pas\u0117li\u0173 steb\u0117jimas, fotometrinis 3D modeliavimas i\u0161 aerofotografavimo ir infrastrukt\u016bros tikrinimas yra tik ledkalnio vir\u0161\u016bn\u0117 kuo mes u\u017esiimame. Turite id\u0117j\u0173, kaip dronai ir programin\u0117s \u012frangos sprendimai gal\u0117t\u0173 pad\u0117ti optimizuoti j\u016bs\u0173 versl\u0105? Susisiekite su mumis ir mes pad\u0117sime jums tai pasiekti!<\/p>","protected":false},"excerpt":{"rendered":"<p>DRONETEAM.lt is a dedicated team of drone professionals. If your task specification involves engineering, drones or cinematography \u2013 we can do it! We offer full-stack 3D scanning services for asset managers, architects and real estate developers. We see unlimited possibilities of combining the capabilities of autonomous flight machines and software [&hellip;]<\/p>","protected":false},"author":1,"featured_media":4670,"parent":0,"menu_order":0,"comment_status":"closed","ping_status":"closed","template":"","meta":[],"uagb_featured_image_src":{"full":["https:\/\/droneteam.lt\/wp-content\/uploads\/2020\/08\/GK-001.jpg",1271,661,false],"thumbnail":["https:\/\/droneteam.lt\/wp-content\/uploads\/2020\/08\/GK-001-150x150.jpg",150,150,true],"medium":["https:\/\/droneteam.lt\/wp-content\/uploads\/2020\/08\/GK-001-300x156.jpg",300,156,true],"medium_large":["https:\/\/droneteam.lt\/wp-content\/uploads\/2020\/08\/GK-001-768x399.jpg",750,390,true],"large":["https:\/\/droneteam.lt\/wp-content\/uploads\/2020\/08\/GK-001-1024x533.jpg",750,390,true],"1536x1536":["https:\/\/droneteam.lt\/wp-content\/uploads\/2020\/08\/GK-001.jpg",1271,661,false],"2048x2048":["https:\/\/droneteam.lt\/wp-content\/uploads\/2020\/08\/GK-001.jpg",1271,661,false],"trp-custom-language-flag":["https:\/\/droneteam.lt\/wp-content\/uploads\/2020\/08\/GK-001.jpg",16,8,false],"hestia-blog":["https:\/\/droneteam.lt\/wp-content\/uploads\/2020\/08\/GK-001-360x240.jpg",360,240,true]},"uagb_author_info":{"display_name":"linas","author_link":"https:\/\/droneteam.lt\/lt\/author\/linas\/"},"uagb_comment_info":0,"uagb_excerpt":"DRONETEAM.lt is a dedicated team of drone professionals. If your task specification involves engineering, drones or cinematography \u2013 we can do it! We offer full-stack 3D scanning services for asset managers, architects and real estate developers. We see unlimited possibilities of combining the capabilities of autonomous flight machines and software [&hellip;]","_links":{"self":[{"href":"https:\/\/droneteam.lt\/lt\/wp-json\/wp\/v2\/pages\/4252"}],"collection":[{"href":"https:\/\/droneteam.lt\/lt\/wp-json\/wp\/v2\/pages"}],"about":[{"href":"https:\/\/droneteam.lt\/lt\/wp-json\/wp\/v2\/types\/page"}],"author":[{"embeddable":true,"href":"https:\/\/droneteam.lt\/lt\/wp-json\/wp\/v2\/users\/1"}],"replies":[{"embeddable":true,"href":"https:\/\/droneteam.lt\/lt\/wp-json\/wp\/v2\/comments?post=4252"}],"version-history":[{"count":2,"href":"https:\/\/droneteam.lt\/lt\/wp-json\/wp\/v2\/pages\/4252\/revisions"}],"predecessor-version":[{"id":4672,"href":"https:\/\/droneteam.lt\/lt\/wp-json\/wp\/v2\/pages\/4252\/revisions\/4672"}],"wp:featuredmedia":[{"embeddable":true,"href":"https:\/\/droneteam.lt\/lt\/wp-json\/wp\/v2\/media\/4670"}],"wp:attachment":[{"href":"https:\/\/droneteam.lt\/lt\/wp-json\/wp\/v2\/media?parent=4252"}],"curies":[{"name":"wp","href":"https:\/\/api.w.org\/{rel}","templated":true}]}}